{"id":52,"date":"2025-07-30T10:43:50","date_gmt":"2025-07-30T10:43:50","guid":{"rendered":"https:\/\/schlossplatz.de\/?page_id=52"},"modified":"2025-08-22T08:57:40","modified_gmt":"2025-08-22T08:57:40","slug":"impressum-und-datenschutz","status":"publish","type":"page","link":"https:\/\/schlossplatz.de\/index.php\/impressum-und-datenschutz\/","title":{"rendered":"Impressum und Datenschutz"},"content":{"rendered":"<div  class='flex_column av-2ok4c-826f25f5b5b100900bbc8fbabbad8fb0 av_one_half  avia-builder-el-0  el_before_av_one_half  avia-builder-el-first  first flex_column_div  '     ><section  class='av_textblock_section av-mdpu5cm5-27869bc0519cc58bc2cd446b03f5d6af '   itemscope=\"itemscope\" itemtype=\"https:\/\/schema.org\/CreativeWork\" ><div class='avia_textblock'  itemprop=\"text\" ><p><strong>europa21 e.K.<\/strong><\/p>\n<p>Dipl.-Ing. Adrian Godja<br \/>\nGro\u00dfe Bockenheimer Str. 54<br \/>\nD \u2013 60313 Frankfurt am Main<\/p>\n<p>Tel:+49 (0) 69 \/ 900 25 \u2013 860<br \/>\nFax:+49 (0) 69 \/ 900 25 \u2013 862<br \/>\nMobil:+49 (0) 177- 46 352 21<\/p>\n<p>E-Mail:  info@europa21.de<br \/>\nInternet: www.europa21.com<\/p>\n<p>Umsatzsteuer-Identifikationsnummer (USt-IdNr.) : DE 190 604 206<br \/>\nSteuernummer : DE 012 821 66339<br \/>\nHandelsregister der Stadt Frankfurt am Main : HRA 47928<br \/>\nInhaltlich Verantwortlicher gem\u00e4\u00df \u00a7 6 MDStV : Dipl.-Ing. Adrian Godja<\/p>\n<\/div><\/section><\/div><div  class='flex_column av-1vv68-f6a2fe5225efb5c5c38d1260ba130f8e av_one_half  avia-builder-el-2  el_after_av_one_half  el_before_av_one_full  flex_column_div  '     ><section  class='av_textblock_section av-mdpu673j-5605fa50a5792689c284457109776b7b '   itemscope=\"itemscope\" itemtype=\"https:\/\/schema.org\/CreativeWork\" ><div class='avia_textblock'  itemprop=\"text\" ><p><strong>\u2013 Haftungshinweis \u2013<\/strong><\/p>\n<p>Trotz sorgf\u00e4ltiger inhaltlicher Kontrolle \u00fcbernehmen wir keine Haftung f\u00fcr die Inhalte externer Links. F\u00fcr den Inhalt der verlinkten Seiten sind ausschlie\u00dflich deren Betreiber verantwortlich.<\/p>\n<p>\u2013 Rechtliche Hinweise \u2013<\/p>\n<p>Die auf den Webseiten der Fa. europa21 zur Verf\u00fcgung gestellten Informationen werden unter Beachtung gr\u00f6\u00dfter Sorgfalt laufend aktualisiert und erg\u00e4nzt. Dennoch kann keine Garantie f\u00fcr die Richtigkeit und Vollst\u00e4ndigkeit der angegebenen Daten \u00fcbernommen werden, da eine zwischenzeitlich eingetretene \u00c4nderung nicht g\u00e4nzlich auszuschlie\u00dfen ist. Dies gilt ebenso f\u00fcr s\u00e4mtliche Webseiten Dritter, auf die durch einen Hyperlink verwiesen wird. Dort enthaltene Informationen stehen im alleinigen Verantwortungsbereich ihres Herstellers bzw. Verwenders. Die Fa. europa21 schlie\u00dft demnach jegliche Haftung im oben genannten Zusammenhang aus.<\/p>\n<p>Inhalt und Gestaltung der Webseiten der Fa. europa21 sind urheberrechtlich gesch\u00fctzt und d\u00fcrfen ausschlie\u00dflich und nach Belieben der Fa. europa21 von autorisierten Personen ge\u00e4ndert oder erg\u00e4nzt werden. Die Vervielf\u00e4ltigung der enthaltenen Daten und Informationen bedarf der vorherigen schriftlichen Zustimmung.<\/p>\n<p>\u00a9 by europa21. Alle Rechte vorbehalten.<\/p>\n<\/div><\/section><\/div><\/p>\n<div  class='flex_column av-1pnvc-4e4d171fb949d6d133a2abd0c119951c av_one_full  avia-builder-el-4  el_after_av_one_half  el_before_av_textblock  first flex_column_div  column-top-margin'     ><section  class='av_textblock_section av-mdpu4pwf-4cb93a6f4338d03619d0bc7a2040b12e '   itemscope=\"itemscope\" itemtype=\"https:\/\/schema.org\/CreativeWork\" ><div class='avia_textblock'  itemprop=\"text\" ><p><strong>Datenschutz<\/strong><\/p>\n<p>Datenschutz auf den europa21 e.K. -Web- und Portalseiten Stand: Mai 2018<\/p>\n<p>Inhalt des Onlineangebotes<br \/>\nFa. europa21 e.K. \u00fcbernimmt keinerlei Gew\u00e4hr f\u00fcr die Aktualit\u00e4t, Korrektheit, Vollst\u00e4ndigkeit oder Qualit\u00e4t der bereitgestellten Informationen. Haftungsanspr\u00fcche gegen der Fa. europa21 e.K, welche sich auf Sch\u00e4den materieller oder ideeller Art beziehen, die durch die Nutzung oder Nichtnutzung der dargebotenen Informationen bzw. durch die Nutzung fehlerhafter und unvollst\u00e4ndiger Informationen verursacht wurden, sind grunds\u00e4tzlich ausgeschlossen, sofern seitens der Fa. europa21 e.K. kein nachweislich vors\u00e4tzliches oder grob fahrl\u00e4ssiges Verschulden vorliegt. Alle Angebote sind freibleibend und unverbindlich. Alle Angebote sind in ihren Pr\u00e4senzen von den jeweiligen Unternehmen in der Form eingewilligt, die Unternehmen bezahlen f\u00fcr ihre Portalpr\u00e4senzen eine Jahresgeb\u00fchr. Fa. europa21 e.K. beh\u00e4lt es sich ausdr\u00fccklich vor, Teile der Seiten oder das gesamte Angebot ohne gesonderte Ank\u00fcndigung zu ver\u00e4ndern, zu erg\u00e4nzen, zu l\u00f6schen oder die Ver\u00f6ffentlichung zeitweise oder endg\u00fcltig einzustellen.<\/p>\n<p>Datenschutz<br \/>\nSofern innerhalb des Internetangebotes die M\u00f6glichkeit zur Eingabe pers\u00f6nlicher oder gesch\u00e4ftlicher Daten (Emailadressen, Namen, Anschriften) besteht, so erfolgt die Preisgabe dieser Daten seitens des Nutzers auf ausdr\u00fccklich freiwilliger Basis. Die Inanspruchnahme und Bezahlung aller angebotenen Dienste ist \u2013 soweit technisch m\u00f6glich und zumutbar \u2013 auch ohne Angabe solcher Daten bzw. unter Angabe anonymisierter Daten oder eines Pseudonyms gestattet. Die Nutzung der im Rahmen des Impressums oder vergleichbarer Angaben ver\u00f6ffentlichten Kontaktdaten wie Postanschriften, Telefon- und Faxnummern sowie Emailadressen durch Dritte zur \u00dcbersendung von nicht ausdr\u00fccklich angeforderten Informationen ist nicht gestattet. Rechtliche Schritte gegen die Versender von sogenannten Spam-Mails bei Verst\u00f6\u00dfen gegen dieses Verbot sind ausdr\u00fccklich vorbehalten.<\/p>\n<p>Wir weisen ausdr\u00fccklich darauf hin, dass die Daten\u00fcbertragung im Internet (z.B. bei der Kommunikation per E-Mail) Sicherheitsl\u00fccken aufweisen kann und nicht l\u00fcckenlos vor dem Zugriff durch Dritte zu 100% gesch\u00fctzt werden kann.<\/p>\n<p>Die Verwendung der Kontaktdaten unseres Impressums zur gewerblichen Werbung ist ausdr\u00fccklich nicht erw\u00fcnscht, es sei denn wir hatten zuvor unsere schriftliche Einwilligung erteilt oder es besteht bereits eine Gesch\u00e4ftsbeziehung. Der Anbieter und alle auf dieser Website genannten Personen widersprechen hiermit jeder kommerziellen Verwendung und Weitergabe ihrer Daten<br \/>\nDer Schutz personenbezogener Daten ist uns ein wichtiges Anliegen. Deshalb betreiben wir unsere Aktivit\u00e4ten in \u00dcbereinstimmung mit den anwendbaren Rechtsvorschriften zum Schutz personenbezogener Daten und zur Datensicherheit. Im Folgenden erfahren Sie, welche Informationen wir gegebenenfalls sammeln, wie wir damit umgehen und wem wir sie gegebenenfalls zur Verf\u00fcgung stellen. Sie k\u00f6nnen diese Erkl\u00e4rung jederzeit auf unserer Webseite abrufen.<\/p>\n<p>Personenbezogene Daten<br \/>\nSie k\u00f6nnen unsere Webseite ohne Angabe personenbezogener Daten besuchen. Die hier gelisteten Unternehmen bezahlen f\u00fcr ihre Pr\u00e4senz auf unsere Portalseiten eine Jahresgeb\u00fchr und w\u00fcnschen den gesch\u00e4ftlichen Kontakt zu potentiellen Unternehmen, die Ihre Leistungen suchen, ben\u00f6tigen oder kaufen.<\/p>\n<p>\u00dcber unsere Websites erfassen wir keinerlei personenbezogene Daten (z.B. Namen, Anschriften, Telefonnummern oder E-Mail-Adressen), au\u00dfer wenn Sie uns solche Daten freiwillig zur Verf\u00fcgung stellen (z. B. durch Registrierung, Umfrage) bzw. eingewilligt haben oder die entsprechenden Rechtsvorschriften \u00fcber den Schutz Ihrer Daten dies erlauben.<br \/>\nSoweit auf unseren Seiten oder \u00fcber unsere Seiten personenbezogene Daten (wie Name, Anschrift oder E-Mail Adresse) erhoben werden, erfolgt dies, soweit m\u00f6glich, auf freiwilliger Basis. Diese Daten werden ohne Ihre ausdr\u00fcckliche Zustimmung nicht an Dritte weitergegeben. Sofern zwischen Ihnen und uns ein Vertragsverh\u00e4ltnis begr\u00fcndet, inhaltlich ausgestaltet oder ge\u00e4ndert werden soll oder Sie an uns eine Anfrage stellen, erheben und verwenden wir personenbezogene Daten von Ihnen, soweit dies zu diesen Zwecken erforderlich ist (Bestandsdaten). Wir erheben, verarbeiten und nutzen personenbezogene Daten soweit dies erforderlich ist, um Ihnen die Inanspruchnahme des Webangebots zu erm\u00f6glichen (Nutzungsdaten). S\u00e4mtliche personenbezogenen Daten werden nur solange gespeichert wie dies f\u00fcr den genannten Zweck (Bearbeitung Ihrer Anfrage oder Abwicklung eines Vertrags) erforderlich ist. Hierbei werden steuer- und handelsrechtliche Aufbewahrungsfristen ber\u00fccksichtigt.<br \/>\nAuf Anordnung der zust\u00e4ndigen Stellen d\u00fcrfen wir im Einzelfall Auskunft \u00fcber diese Daten (Bestandsdaten) erteilen, soweit dies f\u00fcr Zwecke der Strafverfolgung, zur Gefahrenabwehr, zur Erf\u00fcllung der gesetzlichen Aufgaben der Verfassungsschutzbeh\u00f6rden oder des Milit\u00e4rischen Abschirmdienstes oder zur Durchsetzung der Rechte am geistigen Eigentum erforderlich ist.<\/p>\n<p>Zweckbestimmung<br \/>\nDie von Ihnen zur Verf\u00fcgung gestellten personenbezogenen Daten verwendet europa21 e.K. im Allgemeinen, um Ihre Anfragen zu beantworten, Ihre Auftr\u00e4ge zu bearbeiten oder Ihnen Zugang zu bestimmten Informationen oder Angeboten zu verschaffen. Zur Pflege der Kundenbeziehungen kann es weiterhin n\u00f6tig sein, \u2022 dass wir Ihre personenbezogenen Daten speichern und verarbeiten um auf Ihre W\u00fcnsche besser eingehen zu k\u00f6nnen oder unsere Produkte oder Leistungen zu verbessern; oder \u2022 dass wir (oder ein Dritter in unserem Auftrag) diese personenbezogenen Daten verwenden, um Sie \u00fcber europa21-Angebote zu informieren, die f\u00fcr Ihre Gesch\u00e4ftst\u00e4tigkeit n\u00fctzlich sind, oder um Online-Umfragen durchzuf\u00fchren, um den Aufgaben und Anforderungen unserer Kunden besser gerecht zu werden.<\/p>\n<p>Selbstverst\u00e4ndlich respektieren wir es, wenn Sie uns Ihre personenbezogenen Daten nicht zur Unterst\u00fctzung unserer Kundenbeziehung (insbesondere f\u00fcr Direktmarketing oder zu Marktforschungszwecken) \u00fcberlassen wollen. Wir werden Ihre personenbezogenen Daten weder an Dritte verkaufen noch anderweitig vermarkten. Zweckgebundene Verwendung: Fa. europa21 e.K. wird die von Ihnen online zur Verf\u00fcgung gestellten personenbezogenen Daten nur f\u00fcr die Ihnen mitgeteilten Zwecke erheben, verarbeiten und nutzen, au\u00dfer wenn die Erhebung, Verarbeitung oder Nutzung \u2022 f\u00fcr einen weiteren Zweck erfolgt, der in direktem Zusammenhang mit dem urspr\u00fcnglichen Zweck steht, zu dem die personenbezogenen Daten erhoben wurden, \u2022 f\u00fcr die Vorbereitung, Verhandlung und Erf\u00fcllung eines Vertrages mit Ihnen erforderlich ist, \u2022 aufgrund rechtlicher Verpflichtung oder beh\u00f6rdlicher oder gerichtlicher Anordnung erforderlich ist, \u2022 zur Begr\u00fcndung oder zum Schutz rechtlicher Anspr\u00fcche oder zur Abwehr von Klagen erforderlich ist, \u2022 der Verhinderung von Missbrauch oder sonstiger ungesetzlicher Aktivit\u00e4ten dient, z. B. vors\u00e4tzlicher Angriffe auf die Fa. europa21-Systeme zur Gew\u00e4hrleistung der Datensicherheit.<\/p>\n<p>Kommunikations- oder nutzungsbezogene Angaben<br \/>\nWenn Sie \u00fcber Telekommunikationsdienste auf unsere Websites zugreifen, werden kommunikationsbezogene Angaben (z. B. Internet-Protokoll-Adresse) bzw. nutzungsbezogene Angaben (z.B. Angaben zu Nutzungsbeginn und -dauer sowie zu den von Ihnen genutzten Telekommunikationsdiensten) mit technischen Mitteln automatisch erzeugt. Diese k\u00f6nnen eventuell R\u00fcckschl\u00fcsse auf personenbezogene Daten zulassen. Soweit eine Erfassung, Verarbeitung und Verwendung Ihrer kommunikations- bzw. nutzungsbezogenen Angaben zwingend notwendig ist, unterliegt diese den gesetzlichen Regelungen zum Datenschutz. Automatisch erfasste nicht-personenbezogene Daten: Wenn Sie auf unsere Websites zugreifen, werden gelegentlich automatisch (also nicht \u00fcber eine Registrierung) Informationen gesammelt, die nicht einer bestimmten Person zugeordnet sind (z.B. verwendeter Internet-Browser und Betriebssystem; Domain-Name der Website, von der Sie kamen; Anzahl der Besuche; durchschnittliche Verweilzeit; aufgerufene Seiten). Wir und unsere weltweiten Tochtergesellschaften verwenden diese Informationen, um die Attraktivit\u00e4t unserer Websites zu ermitteln und deren Leistungsf\u00e4higkeit und Inhalte zu verbessern.<\/p>\n<p>Datenschutzerkl\u00e4rung f\u00fcr Webanalysedienste<br \/>\nAktuell verwenden wir keine externen Webanalysedienste. Die auf der jeweiligen Seite gezeigten Aufrufe der Seite werden durch eine auf unseren Servern installierte Software gez\u00e4hlt und teilt keine Daten mit anderen Dritten als Person oder Unternehmen, auch nicht mit anderen Servern.<\/p>\n<p>\u201eCookies\u201c<br \/>\nInformationen, die automatisch auf Ihrem Rechner abgelegt werden: Wenn Sie eine unserer europa21-Websiten besuchen, kann es sein, dass wir Informationen in Form eines \u201eCookie\u201c auf Ihrem Computer ablegen, die ihn bei Ihrem n\u00e4chsten Besuch automatisch wiedererkennen. Cookies erlauben es uns beispielsweise, eine Website Ihren Interessen anzupassen oder Ihr Kennwort zu speichern, damit Sie es nicht jedes Mal neu eingeben m\u00fcssen. Wenn Sie nicht m\u00f6chten, dass wir Ihren Computer wiedererkennen, stellen Sie Ihren Internet-Browser bitte so ein, dass er Cookies von Ihrer Computerfestplatte l\u00f6scht, alle Cookies blockiert oder Sie warnt, bevor ein Cookie gespeichert wird.<\/p>\n<p>Newsletter<br \/>\nDer Newsletter informiert Sie \u00fcber Neuigkeiten auf europa21-Webseiten. Alle neuen Beitr\u00e4ge werden hier angeteasert. Den kompletten Beitrag k\u00f6nnen Sie \u00fcber einen Verweis unter dem Teaser aufrufen. Die Speicherung und Verwendung Ihrer Daten: Ihre E-Mail-Adresse wird ausschlie\u00dflich zur Versendung des jeweiligen Portal-Newsletters gespeichert. Sie k\u00f6nnen sich jederzeit an- bzw. abmelden.<\/p>\n<p>Kommentar<br \/>\nDas Kommentar-Feld unter den redaktionellen Beitr\u00e4gen auf diverse Portale gibt Ihnen die M\u00f6glichkeit, zu den Inhalten Stellung zu nehmen. Nachdem Sie einen Kommentar abgegeben haben, erscheint dieser f\u00fcr alle User sichtbar unter dem Beitrag. Die Angaben zu Ihrer Person (Name, Website, E-Mail-Adresse) sind freiwillig. Bei der Nutzung der Kommentarfunktion gilt folgende \u201eNetiquette\u201c in Kurzform: 1. Bedenken Sie immer, dass Ihr Kommentar von anderen Usern gelesen wird. Schreiben Sie deshalb in einer verst\u00e4ndlichen kurzgehaltenen Sprache. 2. Wenn Sie Ihre E-Mail-oder Website-Adresse angeben, haben andere User die M\u00f6glichkeit, Kontakt mit Ihnen aufzunehmen. 3. Reine Werbeinformationen sind unerw\u00fcnscht. 4. Achten Sie darauf, dass Sie keinen gesetzeswidrigen Kommentar abgeben. (Keine Beleidigung, keine Unwahrheit, keine urheberrechtlich gesch\u00fctzten Werke, keine sexuell anz\u00fcglichen Bemerkungen, keine ausl\u00e4nder- und minderheitenfeindlichen \u00c4u\u00dferungen). Der Kommentar und Ihre pers\u00f6nlichen Angaben werden ausschlie\u00dflich f\u00fcr den Kommentar-Bereich gespeichert bzw. verwendet. Falls Sie Ihren Kommentar wieder entfernen m\u00f6chten, k\u00f6nnen Sie mit uns Kontakt aufnehmen. Beim Missbrauch der Kommentaroption wird der gepostete Beitrag entfernt. In diesem Fall behalten wir uns vor, rechtliche Schritte gegen den Urheber des Postings einzuleiten.<\/p>\n<p>Kinder<br \/>\nPersonenbezogene Daten von Kindern wird Fa. europa21 nicht wissentlich sammeln, ohne ausdr\u00fccklich darauf hinzuweisen, dass solche Daten nur mit Zustimmung der Eltern \u00fcbermittelt werden sollten, wenn anwendbare Rechtsvorschriften dies vorsehen. Eine Verwendung oder Weitergabe der personenbezogenen Daten von Kindern durch uns erfolgt grunds\u00e4tzlich nur, soweit dies gesetzlich erlaubt ist, zur Einholung der gesetzlich erforderlichen elterlichen Zustimmung oder zum Schutz von Kindern. F\u00fcr den Begriff \u201eKind\/Kinder\u201c sind hier die national geltenden gesetzlichen Bestimmungen und kulturellen Gepflogenheiten zu ber\u00fccksichtigen.<\/p>\n<p>Sicherheit<br \/>\nFa. europa21 e.K. trifft technische und organisatorische Sicherheitsma\u00dfnahmen, um Ihre personenbezogenen Daten gegen unbeabsichtigte oder unrechtm\u00e4\u00dfige L\u00f6schung, Ver\u00e4nderung oder gegen Verlust und gegen unberechtigte Weitergabe oder unberechtigten Zugriff zu sch\u00fctzen.<\/p>\n<p>Verweise und Links<br \/>\nBei direkten oder indirekten Verweisen auf fremde Webseiten (\u201eHyperlinks\u201c), die au\u00dferhalb des Verantwortungsbereiches der Fa. europa21 liegen, w\u00fcrde eine Haftungsverpflichtung ausschlie\u00dflich in dem Fall in Kraft treten, in dem Fa. europa21 von den Inhalten Kenntnis hat und es ihm technisch m\u00f6glich und zumutbar w\u00e4re, die Nutzung im Falle rechtswidriger Inhalte zu verhindern. Fa. europa21 e.K. erkl\u00e4rt hiermit ausdr\u00fccklich, dass zum Zeitpunkt der Linksetzung keine illegalen Inhalte auf den zu verlinkenden Seiten erkennbar waren. Auf die aktuelle und zuk\u00fcnftige Gestaltung, die Inhalte oder die Urheberschaft der verlinkten\/verkn\u00fcpften Seiten hat Fa. europa21 keinerlei Einfluss. Deshalb distanziert er sich hiermit ausdr\u00fccklich von allen Inhalten aller verlinkten \/verkn\u00fcpften Seiten, die nach der Linksetzung ver\u00e4ndert wurden. Diese Feststellung gilt f\u00fcr alle innerhalb des eigenen Internetangebotes gesetzten Links und Verweise sowie f\u00fcr Fremdeintr\u00e4ge in vom Fa. europa21 eingerichteten G\u00e4steb\u00fcchern, Diskussionsforen, Linkverzeichnissen, Mailinglisten und in allen anderen Formen von Datenbanken, auf deren Inhalt externe Schreibzugriffe m\u00f6glich sind. F\u00fcr illegale, fehlerhafte oder unvollst\u00e4ndige Inhalte und insbesondere f\u00fcr Sch\u00e4den, die aus der Nutzung oder Nichtnutzung solcherart dargebotener Informationen entstehen, haftet allein der Anbieter der Seite, auf welche verwiesen wurde, nicht derjenige, der \u00fcber Links auf die jeweilige Ver\u00f6ffentlichung lediglich verweist.<\/p>\n<p>Kontaktformular<br \/>\nDie an europa21 e.K. per Kontaktformular \u00fcbermittelte Daten, k\u00f6nnen (einschlie\u00dflich Ihrer Kontaktdaten) f\u00fcr die Interne bearbeitung gespeichert werden, um Ihre Anfrage bearbeiten zu k\u00f6nnen oder um f\u00fcr Anschlussfragen und Auftr\u00e4ge bereitzustehen. Eine Weitergabe dieser Informations-Daten findet ohne Ihre Einwilligung nicht statt. Werden die Daten per Kontaktformular unverschl\u00fcsselt \u00fcbermittelt (ohne SSL Verschl\u00fcsselung), so \u00fcbernehmen wir f\u00fcr die von Ihnen gesendeten Daten keine Verantwortung und keine Haftung.<\/p>\n<p>Die Verarbeitung der in das Kontaktformular eingegebenen Informationen erfolgt ausschlie\u00dflich auf Grundlage Ihrer Einwilligung (Art. 6 Abs. 1 lit. a DSGVO), die mit dem Versand von Informationen \u00fcber das Formular erfolgt. Ein Widerruf Ihrer bereits erteilten Einwilligung ist jederzeit m\u00f6glich. F\u00fcr den Widerruf gen\u00fcgt eine formlose Mitteilung per Brief, Fax oder E-Mail. Die Rechtm\u00e4\u00dfigkeit der bis zum Widerruf erfolgten Datenverarbeitungsvorg\u00e4nge bleibt vom Widerruf unber\u00fchrt.<\/p>\n<p>\u00dcber das Kontaktformular \u00fcbermittelte Daten verbleiben bei ausschlie\u00dflich europa21 e.K., bis Sie uns zur L\u00f6schung auffordern, Ihre Einwilligung zur Speicherung widerrufen oder keine Notwendigkeit der Datenspeicherung mehr besteht. Zwingende gesetzliche Bestimmungen, z.B. Dokumentation und Aufbewahrungsfristen der Unterlagen f\u00fcr das Finazamt nach Auftragserteilung, bleiben unber\u00fchrt.<\/p>\n<p>Urheber- und Kennzeichenrecht<br \/>\nFa. europa21 e.K. ist bestrebt, in allen Publikationen die Urheberrechte der verwendeten Grafiken, Tondokumente, Videosequenzen und Texte zu beachten, von ihm selbst erstellte Grafiken, Tondokumente, Videosequenzen und Texte zu nutzen oder auf lizenzfreie Grafiken, Tondokumente, Videosequenzen und Texte zur\u00fcckzugreifen. Alle innerhalb des Internetangebotes genannten und ggf. durch Dritte gesch\u00fctzten Marken- und Warenzeichen unterliegen uneingeschr\u00e4nkt den Bestimmungen des jeweils g\u00fcltigen Kennzeichenrechts und den Besitzrechten der jeweiligen eingetragenen Eigent\u00fcmer. Allein aufgrund der blo\u00dfen Nennung ist nicht der Schluss zu ziehen, dass Markenzeichen nicht durch Rechte Dritter gesch\u00fctzt sind! Das Copyright f\u00fcr ver\u00f6ffentlichte, von Fa. europa21 selbst erstellte Objekte bleibt allein bei der Fa. europa21. Eine Vervielf\u00e4ltigung oder Verwendung solcher Grafiken, Tondokumente, Videosequenzen und Texte in anderen elektronischen oder gedruckten Publikationen ist ohne ausdr\u00fcckliche Zustimmung der Fa. europa21 e.K. nicht gestattet.<\/p>\n<p>Auskunftsrecht: Fragen und Anmerkungen<br \/>\nFa. europa21 e.K. wird auf alle angemessenen Anfragen zur Einsicht in und ggf. Berichtigung, Erg\u00e4nzung oder L\u00f6schung von personenbezogenen Daten reagieren. Sie haben das jederzeitige Recht, sich unentgeltlich und unverz\u00fcglich \u00fcber die zu Ihrer Person erhobenen Daten zu erkundigen. Sie haben das jederzeitige Recht, Ihre Zustimmung zur Verwendung Ihrer angegeben pers\u00f6nlichen Daten mit Wirkung f\u00fcr die Zukunft zu widerrufen. Zur Auskunftserteilung wenden Sie sich bitte an den Seitenbetreiber Fa. europa21 e.K..<\/p>\n<p>Widerruf Ihrer Einwilligung zur Datenverarbeitung<br \/>\nNur mit Ihrer ausdr\u00fccklichen Einwilligung sind einige Vorg\u00e4nge der Datenverarbeitung m\u00f6glich. Ein Widerruf Ihrer bereits erteilten Einwilligung zur Datenverarbeitung ist jederzeit m\u00f6glich. F\u00fcr den Widerruf gen\u00fcgt eine formlose Mitteilung auch per E-Mail. Die Rechtm\u00e4\u00dfigkeit der bis zum Widerruf erfolgten Datenverarbeitung bleibt vom Widerruf unber\u00fchrt.<\/p>\n<p>Im Zuge der Weiterentwicklung des Internets werden wir auch unsere Datenschutz-Policy laufend anpassen. \u00c4nderungen werden wir auf dieser Seite rechtzeitig bekannt geben. Daher sollten Sie diese Seite regelm\u00e4\u00dfig aufrufen, um sich \u00fcber den aktuellen Stand der Datenschutz-Policy zu informieren.<\/p>\n<p>Schlossplatz.de \u2013 Eine Webseite der Firma europa21 e.K.<\/p>\n<\/div><\/section><\/div>\n<section  class='av_textblock_section av-w4tw-6e4b77a5748e574195406a23a9a51482 '   itemscope=\"itemscope\" itemtype=\"https:\/\/schema.org\/CreativeWork\" ><div class='avia_textblock'  itemprop=\"text\" ><\/div><\/section>\n<section  class='av_textblock_section av-mdpuxhek-656bde0fce09dfd2fe4c6b597eba1559 '   itemscope=\"itemscope\" itemtype=\"https:\/\/schema.org\/CreativeWork\" ><div class='avia_textblock'  itemprop=\"text\" ><p>&#8230;<\/p>\n<\/div><\/section>\n<div  class='hr av-px2c-7a01f6adf373164736780ef5530fbb4e hr-default  avia-builder-el-8  el_after_av_textblock  avia-builder-el-last '><span class='hr-inner '><span class=\"hr-inner-style\"><\/span><\/span><\/div>\n","protected":false},"excerpt":{"rendered":"","protected":false},"author":1,"featured_media":0,"parent":0,"menu_order":0,"comment_status":"closed","ping_status":"closed","template":"","meta":{"footnotes":""},"class_list":["post-52","page","type-page","status-publish","hentry"],"_links":{"self":[{"href":"https:\/\/schlossplatz.de\/index.php\/wp-json\/wp\/v2\/pages\/52","targetHints":{"allow":["GET"]}}],"collection":[{"href":"https:\/\/schlossplatz.de\/index.php\/wp-json\/wp\/v2\/pages"}],"about":[{"href":"https:\/\/schlossplatz.de\/index.php\/wp-json\/wp\/v2\/types\/page"}],"author":[{"embeddable":true,"href":"https:\/\/schlossplatz.de\/index.php\/wp-json\/wp\/v2\/users\/1"}],"replies":[{"embeddable":true,"href":"https:\/\/schlossplatz.de\/index.php\/wp-json\/wp\/v2\/comments?post=52"}],"version-history":[{"count":3,"href":"https:\/\/schlossplatz.de\/index.php\/wp-json\/wp\/v2\/pages\/52\/revisions"}],"predecessor-version":[{"id":93,"href":"https:\/\/schlossplatz.de\/index.php\/wp-json\/wp\/v2\/pages\/52\/revisions\/93"}],"wp:attachment":[{"href":"https:\/\/schlossplatz.de\/index.php\/wp-json\/wp\/v2\/media?parent=52"}],"curies":[{"name":"wp","href":"https:\/\/api.w.org\/{rel}","templated":true}]}}